{"id":32,"date":"2024-07-10T07:11:10","date_gmt":"2024-07-10T07:11:10","guid":{"rendered":"http:\/\/mcepc.ase.ro\/?page_id=32"},"modified":"2025-01-20T11:27:09","modified_gmt":"2025-01-20T11:27:09","slug":"acasa","status":"publish","type":"page","link":"https:\/\/mcepc.ase.ro\/","title":{"rendered":"Acasa"},"content":{"rendered":"<div id=\"pl-32\"  class=\"panel-layout\" ><div id=\"pg-32-0\"  class=\"panel-grid panel-no-style\" ><div id=\"pgc-32-0-0\"  class=\"panel-grid-cell\" ><div id=\"panel-32-0-0-0\" class=\"so-panel widget widget_sow-editor panel-first-child panel-last-child\" data-index=\"0\" ><div\n\t\t\t\n\t\t\tclass=\"so-widget-sow-editor so-widget-sow-editor-base\"\n\t\t\t\n\t\t><h3 class=\"widget-title\">Managementul Calitatii, Expertize si Protectia Consumatorului<\/h3>\n<div class=\"siteorigin-widget-tinymce textwidget\">\n\t<blockquote>\n<p><strong>Prin misiunea asumat\u0103<\/strong> \u2013 se urmareste formarea de specialisti care, prin insusirea unor cunostinte interdisciplinare, sa fie capabili sa conduca in mod profitabil o afacere, catre topul firmelor existente pe piata, concentrandu-se nu numai asupra aspectelor manageriale, ci si asupra calitatii, avand permanent in atentie consumatorul cu nevoile si asteptarile lui.<\/p>\n<p style=\"text-align: right;\"><a href=\"http:\/\/mcepc.ase.ro\/index.php\/despre\/\"><strong>Citeste mai mult<\/strong><\/a><\/p>\n<\/blockquote>\n<\/div>\n<\/div><\/div><\/div><\/div><div id=\"pg-32-1\"  class=\"panel-grid panel-no-style\" ><div id=\"pgc-32-1-0\"  class=\"panel-grid-cell\" ><div id=\"panel-32-1-0-0\" class=\"so-panel widget widget_sow-editor panel-first-child panel-last-child\" data-index=\"1\" ><div\n\t\t\t\n\t\t\tclass=\"so-widget-sow-editor so-widget-sow-editor-base\"\n\t\t\t\n\t\t>\n<div class=\"siteorigin-widget-tinymce textwidget\">\n\t<p style=\"text-align: center;\"><strong>ADMITERE PROGRAME UNIVERSITARE DE MASTERAT 2025<\/strong><\/p>\n<p style=\"text-align: center;\"><strong>SESIUNEA VAR\u0102 2025<\/strong><\/p>\n<p style=\"text-align: center;\"><strong><span class=\"style1\">\u00ceNSCRIERI<\/span>:<\/strong>\u00a017 \u2013 21 Iulie (J-L), luni \u2013 p\u00e2na la ora 16<sup>00<\/sup><\/p>\n<p style=\"text-align: center;\">-\u00censcrierea la concursul de admitere este realizat\u0103, exclusiv, \u00een platforma admitere.ase.ro, prin crearea unui cont personal al candidatului<\/p>\n<p style=\"text-align: center;\">Cifra de \u0219colarizare pentru anul universitar 2025 \u2013 2026 la programele de studii universitare de masterat \u2013 sesiunea IULIE:\u00a0<span style=\"color: #0000ff;\"><a style=\"color: #0000ff;\" href=\"http:\/\/mcepc.ase.ro\/wp-content\/uploads\/2025\/01\/Propunere_oferta_scolarizare_masterat_iulie_2025.pdf\" target=\"_blank\" rel=\"noopener\">Vezi aici<\/a><\/span><\/p>\n<p style=\"text-align: center;\"><span style=\"color: #000000;\">Mai multe informa\u021bii despre admitere:<\/span> <span style=\"color: #0000ff;\"><a style=\"color: #0000ff;\" href=\"https:\/\/ase.ro\/admitere\/masterat\/\">https:\/\/ase.ro\/admitere\/masterat\/\u00a0<\/a><\/span><\/p>\n<p style=\"text-align: center;\"><span style=\"color: #ff0000;\"><a style=\"color: #ff0000;\" href=\"https:\/\/mcepc.ase.ro\/index.php\/curricula-2024-2026\/\" target=\"_blank\" rel=\"noopener\">Vezi curricula 2024<\/a><\/span><\/p>\n<p>&nbsp;<\/p>\n<\/div>\n<\/div><\/div><\/div><\/div><div id=\"pg-32-2\"  class=\"panel-grid panel-no-style\" ><div id=\"pgc-32-2-0\"  class=\"panel-grid-cell\" ><div id=\"panel-32-2-0-0\" class=\"so-panel widget widget_sow-editor panel-first-child panel-last-child\" data-index=\"2\" ><div\n\t\t\t\n\t\t\tclass=\"so-widget-sow-editor so-widget-sow-editor-base\"\n\t\t\t\n\t\t>\n<div class=\"siteorigin-widget-tinymce textwidget\">\n\t<p style=\"text-align: center;\"><strong>Prin parteneriatul cu prestigiosul organism de certificare RINA \u015fi Asocia\u0163ia BASIQ, absolven\u0163ii vor putea ob\u0163ine urm\u0103toarele certificate:<\/strong><\/p>\n<\/div>\n<\/div><\/div><\/div><\/div><div id=\"pg-32-3\"  class=\"panel-grid panel-no-style\" ><div id=\"pgc-32-3-0\"  class=\"panel-grid-cell\" ><div id=\"panel-32-3-0-0\" class=\"so-panel widget widget_sow-image panel-first-child panel-last-child\" data-index=\"3\" ><div\n\t\t\t\n\t\t\tclass=\"so-widget-sow-image so-widget-sow-image-default-c67d20f9f743-32\"\n\t\t\t\n\t\t>\n\n<div class=\"sow-image-container\">\n\t\t<img loading=\"lazy\" decoding=\"async\" src=\"https:\/\/mcepc.ase.ro\/wp-content\/uploads\/2024\/07\/Certificat-auditor-intern_2024.jpg\" width=\"177\" height=\"250\" sizes=\"auto, (max-width: 177px) 100vw, 177px\" title=\"Certificat auditor intern_2024\" alt=\"\" \t\tclass=\"so-widget-image\"\/>\n\t<\/div>\n\n<\/div><\/div><\/div><div id=\"pgc-32-3-1\"  class=\"panel-grid-cell\" ><div id=\"panel-32-3-1-0\" class=\"so-panel widget widget_sow-editor panel-first-child panel-last-child\" data-index=\"4\" ><div\n\t\t\t\n\t\t\tclass=\"so-widget-sow-editor so-widget-sow-editor-base\"\n\t\t\t\n\t\t>\n<div class=\"siteorigin-widget-tinymce textwidget\">\n\t<p style=\"text-align: center;\">Auditor Intern pentru Sisteme de Management al Calit\u0103\u0163ii ISO 9001<\/p>\n<p style=\"text-align: center;\">Manager Calitate<\/p>\n<p style=\"text-align: center;\">Leadership<\/p>\n<p style=\"text-align: center;\">Digital Business Developer<\/p>\n<\/div>\n<\/div><\/div><\/div><div id=\"pgc-32-3-2\"  class=\"panel-grid-cell\" ><div id=\"panel-32-3-2-0\" class=\"so-panel widget widget_sow-image panel-first-child panel-last-child\" data-index=\"5\" ><div\n\t\t\t\n\t\t\tclass=\"so-widget-sow-image so-widget-sow-image-default-c67d20f9f743-32\"\n\t\t\t\n\t\t>\n\n<div class=\"sow-image-container\">\n\t\t<img loading=\"lazy\" decoding=\"async\" src=\"https:\/\/mcepc.ase.ro\/wp-content\/uploads\/2024\/07\/Certificat-de-participare-Networking-Intelligent.jpg\" width=\"323\" height=\"247\" srcset=\"https:\/\/mcepc.ase.ro\/wp-content\/uploads\/2024\/07\/Certificat-de-participare-Networking-Intelligent.jpg 323w, https:\/\/mcepc.ase.ro\/wp-content\/uploads\/2024\/07\/Certificat-de-participare-Networking-Intelligent-300x229.jpg 300w\" sizes=\"auto, (max-width: 323px) 100vw, 323px\" title=\"Certificat de participare &#8211; Networking Intelligent\" alt=\"\" \t\tclass=\"so-widget-image\"\/>\n\t<\/div>\n\n<\/div><\/div><\/div><\/div><div id=\"pg-32-4\"  class=\"panel-grid panel-no-style\" ><div id=\"pgc-32-4-0\"  class=\"panel-grid-cell\" ><div id=\"panel-32-4-0-0\" class=\"so-panel widget widget_sow-editor panel-first-child panel-last-child\" data-index=\"6\" ><div\n\t\t\t\n\t\t\tclass=\"so-widget-sow-editor so-widget-sow-editor-base\"\n\t\t\t\n\t\t>\n<div class=\"siteorigin-widget-tinymce textwidget\">\n\t<h3 style=\"text-align: center;\"><strong>Testimoniale<\/strong><\/h3>\n<\/div>\n<\/div><\/div><\/div><\/div><div id=\"pg-32-5\"  class=\"panel-grid panel-no-style\" ><div id=\"pgc-32-5-0\"  class=\"panel-grid-cell\" ><div id=\"panel-32-5-0-0\" class=\"so-panel widget widget_sow-image panel-first-child panel-last-child\" data-index=\"7\" ><div\n\t\t\t\n\t\t\tclass=\"so-widget-sow-image so-widget-sow-image-default-c67d20f9f743-32\"\n\t\t\t\n\t\t>\n\n<div class=\"sow-image-container\">\n\t\t<img loading=\"lazy\" decoding=\"async\" src=\"https:\/\/mcepc.ase.ro\/wp-content\/uploads\/2024\/07\/MCEPC_Testioniale-2024_3-e1721314074556.png\" width=\"480\" height=\"480\" sizes=\"auto, (max-width: 480px) 100vw, 480px\" title=\"MCEPC_Testioniale 2024_3\" alt=\"\" \t\tclass=\"so-widget-image\"\/>\n\t<\/div>\n\n<\/div><\/div><\/div><div id=\"pgc-32-5-1\"  class=\"panel-grid-cell\" ><div id=\"panel-32-5-1-0\" class=\"so-panel widget widget_sow-image panel-first-child panel-last-child\" data-index=\"8\" ><div\n\t\t\t\n\t\t\tclass=\"so-widget-sow-image so-widget-sow-image-default-c67d20f9f743-32\"\n\t\t\t\n\t\t>\n\n<div class=\"sow-image-container\">\n\t\t<img loading=\"lazy\" decoding=\"async\" src=\"https:\/\/mcepc.ase.ro\/wp-content\/uploads\/2024\/07\/MCEPC_Testioniale-2024_2-e1721314094863.png\" width=\"480\" height=\"480\" sizes=\"auto, (max-width: 480px) 100vw, 480px\" title=\"MCEPC_Testioniale 2024_2\" alt=\"\" \t\tclass=\"so-widget-image\"\/>\n\t<\/div>\n\n<\/div><\/div><\/div><div id=\"pgc-32-5-2\"  class=\"panel-grid-cell\" ><div id=\"panel-32-5-2-0\" class=\"so-panel widget widget_sow-image panel-first-child panel-last-child\" data-index=\"9\" ><div\n\t\t\t\n\t\t\tclass=\"so-widget-sow-image so-widget-sow-image-default-c67d20f9f743-32\"\n\t\t\t\n\t\t>\n\n<div class=\"sow-image-container\">\n\t\t<img loading=\"lazy\" decoding=\"async\" src=\"https:\/\/mcepc.ase.ro\/wp-content\/uploads\/2024\/07\/MCEPC_Testioniale-2024_1.png\" width=\"1080\" height=\"1080\" srcset=\"https:\/\/mcepc.ase.ro\/wp-content\/uploads\/2024\/07\/MCEPC_Testioniale-2024_1.png 1080w, https:\/\/mcepc.ase.ro\/wp-content\/uploads\/2024\/07\/MCEPC_Testioniale-2024_1-300x300.png 300w, https:\/\/mcepc.ase.ro\/wp-content\/uploads\/2024\/07\/MCEPC_Testioniale-2024_1-1024x1024.png 1024w, https:\/\/mcepc.ase.ro\/wp-content\/uploads\/2024\/07\/MCEPC_Testioniale-2024_1-150x150.png 150w, https:\/\/mcepc.ase.ro\/wp-content\/uploads\/2024\/07\/MCEPC_Testioniale-2024_1-768x768.png 768w, https:\/\/mcepc.ase.ro\/wp-content\/uploads\/2024\/07\/MCEPC_Testioniale-2024_1-270x270.png 270w, https:\/\/mcepc.ase.ro\/wp-content\/uploads\/2024\/07\/MCEPC_Testioniale-2024_1-230x230.png 230w\" sizes=\"auto, (max-width: 1080px) 100vw, 1080px\" title=\"MCEPC_Testioniale 2024_1\" alt=\"\" \t\tclass=\"so-widget-image\"\/>\n\t<\/div>\n\n<\/div><\/div><\/div><\/div><\/div>","protected":false},"excerpt":{"rendered":"<p>Prin misiunea asumat\u0103 \u2013 se urmareste formarea de specialisti care, prin insusirea unor cunostinte interdisciplinare, sa fie capabili sa conduca in mod profitabil o afacere, catre topul firmelor existente pe piata, concentrandu-se nu numai asupra aspectelor manageriale, ci si asupra<\/p>\n","protected":false},"author":1,"featured_media":0,"parent":0,"menu_order":0,"comment_status":"closed","ping_status":"closed","template":"","meta":{"footnotes":""},"class_list":["post-32","page","type-page","status-publish","hentry"],"_links":{"self":[{"href":"https:\/\/mcepc.ase.ro\/index.php\/wp-json\/wp\/v2\/pages\/32","targetHints":{"allow":["GET"]}}],"collection":[{"href":"https:\/\/mcepc.ase.ro\/index.php\/wp-json\/wp\/v2\/pages"}],"about":[{"href":"https:\/\/mcepc.ase.ro\/index.php\/wp-json\/wp\/v2\/types\/page"}],"author":[{"embeddable":true,"href":"https:\/\/mcepc.ase.ro\/index.php\/wp-json\/wp\/v2\/users\/1"}],"replies":[{"embeddable":true,"href":"https:\/\/mcepc.ase.ro\/index.php\/wp-json\/wp\/v2\/comments?post=32"}],"version-history":[{"count":46,"href":"https:\/\/mcepc.ase.ro\/index.php\/wp-json\/wp\/v2\/pages\/32\/revisions"}],"predecessor-version":[{"id":252,"href":"https:\/\/mcepc.ase.ro\/index.php\/wp-json\/wp\/v2\/pages\/32\/revisions\/252"}],"wp:attachment":[{"href":"https:\/\/mcepc.ase.ro\/index.php\/wp-json\/wp\/v2\/media?parent=32"}],"curies":[{"name":"wp","href":"https:\/\/api.w.org\/{rel}","templated":true}]}}